{"id":7575,"date":"2024-11-27T14:08:31","date_gmt":"2024-11-27T14:08:31","guid":{"rendered":"https:\/\/ingot.pps-ai.website\/?post_type=product&#038;p=7575"},"modified":"2024-11-30T08:22:25","modified_gmt":"2024-11-30T08:22:25","slug":"circle-of-the-biberach-master-upper-swabia-active-c-1515-1525","status":"publish","type":"product","link":"https:\/\/ingot.pps-ai.website\/ar\/product\/circle-of-the-biberach-master-upper-swabia-active-c-1515-1525\/","title":{"rendered":"\u062f\u0627\u0626\u0631\u0629 \u0633\u064a\u062f \u0628\u064a\u0628\u0631\u0627\u062e (\u0633\u0648\u0627\u0628\u064a\u0627 \u0627\u0644\u0639\u0644\u064a\u0627\u060c \u0646\u0634\u0637\u0629 \u0645\u0646 \u0639\u0627\u0645 1515 \u0625\u0644\u0649 \u0639\u0627\u0645 1525)"},"content":{"rendered":"<p class=\"translation-block\">\u062f\u0627\u0626\u0631\u0629 \u0633\u064a\u062f \u0628\u064a\u0628\u0631\u0627\u062e<br>\n(\u0633\u0648\u0627\u0628\u064a\u0627 \u0627\u0644\u0639\u0644\u064a\u0627\u060c \u0646\u0634\u0637\u0629 \u062d\u0648\u0627\u0644\u064a 1515-1525)<br>\n\u0627\u0644\u0639\u0630\u0631\u0627\u0621 \u0648\u0627\u0644\u0637\u0641\u0644 (\u0628\u0631\u062c \u0627\u0644\u0639\u0630\u0631\u0627\u0621 \u0627\u0644\u0644\u0627\u0643\u062a\u0627\u0646\u064a)<br>\n\u062e\u0634\u0628 \u0627\u0644\u062c\u064a\u0631\u060c \u0645\u062c\u0645\u0648\u0639\u0629 \u0645\u0646 \u0627\u0644\u0623\u062f\u0648\u0627\u062a \u0627\u0644\u0645\u0642\u062f\u0633\u0629\u061b \u0645\u0646\u0642\u0648\u0634 \u0639\u0644\u0649 \u0627\u0644\u0648\u062c\u0647 \u0627\u0644\u062e\u0644\u0641\u064a \"329\"\u060c \u0648\u0645\u0646\u0642\u0648\u0634 \u0639\u0644\u0649 \u0627\u0644\u0648\u062c\u0647 \u0627\u0644\u0633\u0641\u0644\u064a \"3-8527.\" \u0648\"7-6827\"\u060c \u0648\u0628\u0647\u0627 \u0645\u0644\u0635\u0642\u062a\u0627\u0646 \u0648\u0631\u0642\u064a\u062a\u0627\u0646 \u0645\u0646\u0642\u0648\u0634 \u0639\u0644\u064a\u0647\u0645\u0627 \"337\" \u0648\"I?.Nr.\/8527\"<br>\n\u0627\u0631\u062a\u0641\u0627\u0639 9 \u0628\u0648\u0635\u0627\u062a (23 \u0633\u0645)<\/p>\n<p>\u0627\u0644\u0645\u0646\u0634\u0623<\/p>\n<p class=\"translation-block\">\u0628\u064a\u0646\u0648\u0627 \u0623\u0648\u0628\u0646\u0647\u0627\u064a\u0645 (1842-1931)\u060c \u0628\u0631\u0644\u064a\u0646\u060c \u062d\u062a\u0649 \u0639\u0627\u0645 1907 \u0639\u0644\u0649 \u0627\u0644\u0623\u0642\u0644.<br>\n\u062c\u0627\u0643\u0648\u0628 \u062c\u0648\u0644\u062f\u0634\u0645\u064a\u062a (1882-1955)\u060c \u0628\u0631\u0644\u064a\u0646\u061b \u062d\u062a\u0649 \u0628\u064a\u0639\u0647\u060c<br>\n\u0628\u064a\u0639\u0647\u061b \u0647\u064a\u0644\u0628\u064a\u0646\u062c\u060c \u0641\u0631\u0627\u0646\u0643\u0641\u0648\u0631\u062a\u060c 23 \u064a\u0648\u0646\u064a\u0648 1936\u060c \u0627\u0644\u0645\u062c\u0645\u0648\u0639\u0629 41\u060c<br>\n\u0627\u0634\u062a\u0631\u0627\u0647 \u064a\u0648\u0647\u0627\u0646\u0633 \u0647\u064a\u0646\u0631\u064a\u0634\u0633\u0646 \u0641\u064a \u0627\u0644\u0645\u0632\u0627\u062f \u0627\u0644\u0645\u0630\u0643\u0648\u0631 \u0623\u0639\u0644\u0627\u0647\u060c \u062b\u0645 \u0628\u0627\u0639\u0647 \u0625\u0644\u0649 \u0645\u062a\u0627\u062d\u0641 \u0628\u0631\u0644\u064a\u0646 \u0627\u0644\u062d\u0643\u0648\u0645\u064a\u0629 \u0641\u064a \u0646\u0641\u0633 \u0627\u0644\u0639\u0627\u0645.<br>\n\u0623\u0639\u064a\u062f \u0625\u0644\u0649 \u0648\u0631\u062b\u0629 \u062c\u0627\u0643\u0648\u0628 \u062c\u0648\u0644\u062f\u0634\u0645\u064a\u062a \u0641\u064a \u064a\u0646\u0627\u064a\u0631 2023 \u0645\u0646 \u0642\u0628\u0644 \u0645\u0624\u0633\u0633\u0629 \u0627\u0644\u062b\u0642\u0627\u0641\u0629 \u0627\u0644\u0627\u0633\u062a\u0643\u0634\u0627\u0641\u064a\u0629.<\/p>\n<p>\u0627\u0644\u0623\u062f\u0628<\/p>\n<p class=\"translation-block\">\u0627\u0644\u0623\u062f\u0628 \u0627\u0644\u0645\u0642\u0627\u0631\u0646<br>\nS. Guillot de Suduiraut\u060c D\u00e9votion et s\u00e9duction: Sculptures souabes des mus\u00e9es de France\u060c \u0627\u0644\u0622\u064a\u0627\u062a 1460-1530\u060c \u0645\u062a\u062d\u0641 \u0627\u0644\u0644\u0648\u0641\u0631\u060c \u0628\u0627\u0631\u064a\u0633\u060c 2015. \u0627\u0644\u0635\u0641\u062d\u0627\u062a 309-313.<\/p>","protected":false},"excerpt":{"rendered":"<p>\u0627\u0644\u0639\u0630\u0631\u0627\u0621 \u0648\u0627\u0644\u0637\u0641\u0644 (\u0627\u0644\u0639\u0630\u0631\u0627\u0621 \u0627\u0644\u0644\u0627\u0643\u062a\u0627\u0646\u064a\u0629)<\/p>","protected":false},"featured_media":7576,"template":"","meta":[],"product_cat":[289],"product_tag":[],"class_list":{"0":"post-7575","1":"product","2":"type-product","3":"status-publish","4":"has-post-thumbnail","6":"product_cat-old-masters-part-ii","8":"first","9":"outofstock","10":"sold-individually","11":"shipping-taxable","12":"product-type-auction"},"_links":{"self":[{"href":"https:\/\/ingot.pps-ai.website\/ar\/wp-json\/wp\/v2\/product\/7575","targetHints":{"allow":["GET"]}}],"collection":[{"href":"https:\/\/ingot.pps-ai.website\/ar\/wp-json\/wp\/v2\/product"}],"about":[{"href":"https:\/\/ingot.pps-ai.website\/ar\/wp-json\/wp\/v2\/types\/product"}],"wp:featuredmedia":[{"embeddable":true,"href":"https:\/\/ingot.pps-ai.website\/ar\/wp-json\/wp\/v2\/media\/7576"}],"wp:attachment":[{"href":"https:\/\/ingot.pps-ai.website\/ar\/wp-json\/wp\/v2\/media?parent=7575"}],"wp:term":[{"taxonomy":"product_cat","embeddable":true,"href":"https:\/\/ingot.pps-ai.website\/ar\/wp-json\/wp\/v2\/product_cat?post=7575"},{"taxonomy":"product_tag","embeddable":true,"href":"https:\/\/ingot.pps-ai.website\/ar\/wp-json\/wp\/v2\/product_tag?post=7575"}],"curies":[{"name":"wp","href":"https:\/\/api.w.org\/{rel}","templated":true}]}}